{"id":317,"date":"2026-01-23T10:00:57","date_gmt":"2026-01-23T10:00:57","guid":{"rendered":"http:\/\/mariebiamonte.com\/?page_id=317"},"modified":"2026-01-23T10:02:44","modified_gmt":"2026-01-23T10:02:44","slug":"mentions-legales","status":"publish","type":"page","link":"https:\/\/mariebiamonte.com\/index.php\/mentions-legales\/","title":{"rendered":"Mentions L\u00e9gales"},"content":{"rendered":"\t\t<div data-elementor-type=\"wp-page\" data-elementor-id=\"317\" class=\"elementor elementor-317\">\n\t\t\t\t<div class=\"elementor-element elementor-element-41d2b4b3 e-flex e-con-boxed e-con e-parent\" data-id=\"41d2b4b3\" data-element_type=\"container\">\n\t\t\t\t\t<div class=\"e-con-inner\">\n\t\t\t\t<div class=\"elementor-element elementor-element-106b306b elementor-widget elementor-widget-text-editor\" data-id=\"106b306b\" data-element_type=\"widget\" data-widget_type=\"text-editor.default\">\n\t\t\t\t\t\t\t\t\t\n<p>MENTIONS L\u00c9GALES<\/p>\n\n<p>Marie Biamonte<br \/>Activit\u00e9 : Dieteticienne<br \/>Adresse : 153 Rue Victor Hugo, 83480 Puget-sur-Argens<br \/>Email : marie.biam@hotmail.com<\/p>\n\n<p>Responsable de la publication<br \/>Com&rsquo; the Sun &#8211; Ornella OCCELLI<\/p>\n\n<p>H\u00e9bergement<br \/>H\u00e9bergeur : OVH<br \/>Adresse : <strong>2, rue Kellermann, 59100 Roubaix<\/strong><br \/>T\u00e9l\u00e9phone : 1007<\/p>\n\n<p>Propri\u00e9t\u00e9 intellectuelle<br \/>L\u2019ensemble du contenu du site (textes, images, logos, etc.) est la propri\u00e9t\u00e9 de l\u2019\u00e9diteur du site, sauf mention contraire. Toute reproduction est interdite sans autorisation pr\u00e9alable.<\/p>\n\n<p>Donn\u00e9es personnelles<br \/>Les informations collect\u00e9es via le formulaire de contact sont destin\u00e9es uniquement \u00e0 permettre de recontacter l\u2019utilisateur. Pour en savoir plus, consultez la Politique de confidentialit\u00e9.<\/p>\n\n<p>Cookies<br \/>Le site utilise des cookies. Pour en savoir plus, consultez la Politique de cookies.<\/p>\n\t\t\t\t\t\t\t\t<\/div>\n\t\t\t\t\t<\/div>\n\t\t\t\t<\/div>\n\t\t\t\t<\/div>\n\t\t","protected":false},"excerpt":{"rendered":"<p>MENTIONS L\u00c9GALES Marie BiamonteActivit\u00e9 : DieteticienneAdresse : 153 Rue Victor Hugo, 83480 Puget-sur-ArgensEmail : marie.biam@hotmail.com Responsable de la publicationCom&rsquo; the [&hellip;]<\/p>\n","protected":false},"author":1,"featured_media":0,"parent":0,"menu_order":0,"comment_status":"closed","ping_status":"closed","template":"","meta":{"site-sidebar-layout":"default","site-content-layout":"","ast-site-content-layout":"default","site-content-style":"default","site-sidebar-style":"default","ast-global-header-display":"","ast-banner-title-visibility":"","ast-main-header-display":"","ast-hfb-above-header-display":"","ast-hfb-below-header-display":"","ast-hfb-mobile-header-display":"","site-post-title":"","ast-breadcrumbs-content":"","ast-featured-img":"","footer-sml-layout":"","ast-disable-related-posts":"","theme-transparent-header-meta":"","adv-header-id-meta":"","stick-header-meta":"","header-above-stick-meta":"","header-main-stick-meta":"","header-below-stick-meta":"","astra-migrate-meta-layouts":"default","ast-page-background-enabled":"default","ast-page-background-meta":{"desktop":{"background-color":"var(--ast-global-color-5)","background-image":"","background-repeat":"repeat","background-position":"center center","background-size":"auto","background-attachment":"scroll","background-type":"","background-media":"","overlay-type":"","overlay-color":"","overlay-opacity":"","overlay-gradient":""},"tablet":{"background-color":"","background-image":"","background-repeat":"repeat","background-position":"center center","background-size":"auto","background-attachment":"scroll","background-type":"","background-media":"","overlay-type":"","overlay-color":"","overlay-opacity":"","overlay-gradient":""},"mobile":{"background-color":"","background-image":"","background-repeat":"repeat","background-position":"center center","background-size":"auto","background-attachment":"scroll","background-type":"","background-media":"","overlay-type":"","overlay-color":"","overlay-opacity":"","overlay-gradient":""}},"ast-content-background-meta":{"desktop":{"background-color":"var(--ast-global-color-4)","background-image":"","background-repeat":"repeat","background-position":"center center","background-size":"auto","background-attachment":"scroll","background-type":"","background-media":"","overlay-type":"","overlay-color":"","overlay-opacity":"","overlay-gradient":""},"tablet":{"background-color":"var(--ast-global-color-4)","background-image":"","background-repeat":"repeat","background-position":"center center","background-size":"auto","background-attachment":"scroll","background-type":"","background-media":"","overlay-type":"","overlay-color":"","overlay-opacity":"","overlay-gradient":""},"mobile":{"background-color":"var(--ast-global-color-4)","background-image":"","background-repeat":"repeat","background-position":"center center","background-size":"auto","background-attachment":"scroll","background-type":"","background-media":"","overlay-type":"","overlay-color":"","overlay-opacity":"","overlay-gradient":""}},"footnotes":""},"class_list":["post-317","page","type-page","status-publish","hentry"],"_links":{"self":[{"href":"https:\/\/mariebiamonte.com\/index.php\/wp-json\/wp\/v2\/pages\/317","targetHints":{"allow":["GET"]}}],"collection":[{"href":"https:\/\/mariebiamonte.com\/index.php\/wp-json\/wp\/v2\/pages"}],"about":[{"href":"https:\/\/mariebiamonte.com\/index.php\/wp-json\/wp\/v2\/types\/page"}],"author":[{"embeddable":true,"href":"https:\/\/mariebiamonte.com\/index.php\/wp-json\/wp\/v2\/users\/1"}],"replies":[{"embeddable":true,"href":"https:\/\/mariebiamonte.com\/index.php\/wp-json\/wp\/v2\/comments?post=317"}],"version-history":[{"count":4,"href":"https:\/\/mariebiamonte.com\/index.php\/wp-json\/wp\/v2\/pages\/317\/revisions"}],"predecessor-version":[{"id":321,"href":"https:\/\/mariebiamonte.com\/index.php\/wp-json\/wp\/v2\/pages\/317\/revisions\/321"}],"wp:attachment":[{"href":"https:\/\/mariebiamonte.com\/index.php\/wp-json\/wp\/v2\/media?parent=317"}],"curies":[{"name":"wp","href":"https:\/\/api.w.org\/{rel}","templated":true}]}}